{"id":386,"date":"2019-04-24T15:22:29","date_gmt":"2019-04-24T15:22:29","guid":{"rendered":"http:\/\/demo.casethemes.net\/multio-industrial\/?page_id=386"},"modified":"2025-01-08T15:58:59","modified_gmt":"2025-01-08T12:58:59","slug":"home","status":"publish","type":"page","link":"https:\/\/garageotokurtarma.com\/","title":{"rendered":"Anasayfa"},"content":{"rendered":"<div class=\"wpb-content-wrapper\"><p>[vc_row full_width=&#8221;stretch_row_content_no_spaces&#8221; el_id=&#8221;section-home&#8221;][vc_column][rev_slider_vc alias=&#8221;industrial&#8221; el_class=&#8221;arrow-style2&#8243;][\/vc_column][\/vc_row][vc_row el_id=&#8221;services&#8221;][vc_column css=&#8221;.vc_custom_1736284875899{padding-top: 10px !important;padding-bottom: 0px !important;}&#8221;][vc_row_inner content_placement=&#8221;middle&#8221; css=&#8221;.vc_custom_1736284648143{padding-bottom: 10px !important;}&#8221;][vc_column_inner width=&#8221;1\/2&#8243; css=&#8221;.vc_custom_1736284730403{padding-top: 0px !important;padding-bottom: 10px !important;}&#8221;][ct_heading text=&#8221;GARAGE OTO KURTARMA H\u0130ZMETLER\u0130 MALTEPE, TUZLA, PEND\u0130K VE T\u00dcM \u0130STANBUL&#8217;A H\u0130ZMET. AYRICA MARMARA B\u00d6LGES\u0130NE DE H\u0130ZMET VERMEKTEY\u0130Z.<cite>www.garageotokurtarma.com<\/cite>&#8221; font_weight=&#8221;&#8221; text_color=&#8221;#012068&#8243; subtitle=&#8221;Garage Oto Kurtarma&#8221; description_font_weight=&#8221;inherit&#8221; margin_bottom=&#8221;0&#8243;][\/vc_column_inner][vc_column_inner width=&#8221;1\/2&#8243; ct_column_inner_class=&#8221;rm-padding-lg&#8221; css=&#8221;.vc_custom_1736284736163{padding-top: 0px !important;padding-bottom: 0px !important;padding-left: 100px !important;}&#8221;][vc_column_text css=&#8221;.vc_custom_1736283045945{margin-bottom: 0px !important;}&#8221; text_style=&#8221;text-block1&#8243;]\u0130stanbul, Anadolu yakas\u0131, Avrupa yakas\u0131, t\u00fcm il\u00e7eler ve t\u00fcm marmara b\u00f6lgesinde ara\u00e7 \u00e7ekici hizmetleri, ar\u0131zal\u0131 ara\u00e7 \u00e7ekici hizmetleri, yat, tekne ta\u015f\u0131ma hizmetlerini garantili ve profosyonel (belgeli) ekibimiz ile siz de\u011ferli m\u00fc\u015fterilerimize sunmaktay\u0131z.[\/vc_column_text][\/vc_column_inner][\/vc_row_inner][\/vc_column][\/vc_row][vc_row full_width=&#8221;stretch_row&#8221; bg_image_position=&#8221;bg-image-ps-center&#8221; css=&#8221;.vc_custom_1736340529758{background: #012068 url(http:\/\/demo.casethemes.net\/multio-industrial\/wp-content\/uploads\/2019\/05\/bg-section1.png?id=1237) !important;background-position: center !important;background-repeat: no-repeat !important;background-size: cover !important;}&#8221; el_class=&#8221;row-offset&#8211;91&#8243;][vc_column css=&#8221;.vc_custom_1558492310899{padding-top: 0px !important;}&#8221;][vc_row_inner css=&#8221;.vc_custom_1736284595681{padding-top: 10px !important;}&#8221;][vc_column_inner width=&#8221;1\/2&#8243; ct_column_inner_class=&#8221;rm-padding-lg&#8221; css=&#8221;.vc_custom_1557740005874{margin-top: -6px !important;padding-top: 0px !important;padding-right: 45px !important;}&#8221;][ct_heading text=&#8221;7\/24 Kesintisiz Hizmet&#8221; align_lg=&#8221;align-center&#8221; align_md=&#8221;align-center-md&#8221; align_sm=&#8221;align-center-sm&#8221; align_xs=&#8221;align-center-xs&#8221; font_weight=&#8221;&#8221; text_color=&#8221;#ffffff&#8221; subtitle=&#8221;Garage Oto Kurtarma&#8221; description_font_weight=&#8221;inherit&#8221; margin_bottom=&#8221;36&#8243;][\/vc_column_inner][vc_column_inner width=&#8221;1\/2&#8243; ct_column_inner_class=&#8221;rm-padding-md&#8221; animation_column=&#8221;fadeInRight&#8221; css=&#8221;.vc_custom_1557739232848{padding-top: 0px !important;padding-left: 75px !important;}&#8221;][vc_single_image image=&#8221;1974&#8243; img_size=&#8221;full&#8221; css=&#8221;&#8221;][\/vc_column_inner][\/vc_row_inner][\/vc_column][\/vc_row][vc_row el_id=&#8221;features&#8221; el_class=&#8221;row-offset-15&#8243;][vc_column css=&#8221;.vc_custom_1558433737762{margin-top: -40px !important;padding-top: 0px !important;padding-bottom: 125px !important;}&#8221;][ct_space space_lg=&#8221;0&#8243; space_md=&#8221;160&#8243; space_sm=&#8221;160&#8243; space_xs=&#8221;30&#8243;][\/vc_column][\/vc_row][vc_row][vc_column width=&#8221;1\/3&#8243;][ct_fancybox cms_template=&#8221;ct_fancybox&#8211;layout2.php&#8221; icon_type=&#8221;image&#8221; icon_image=&#8221;1994&#8243; link_item=&#8221;url:%23|||&#8221; title=&#8221;7\/24 Kesintisiz \u0130leti\u015fim&#8221; description=&#8221;Telefon:0 537206 66 66 bilgi@garageotokurtarma.com Adres: Maltepe-\u0130stanbul&#8221;][\/vc_column][vc_column width=&#8221;1\/3&#8243;][ct_fancybox cms_template=&#8221;ct_fancybox&#8211;layout2.php&#8221; icon_type=&#8221;image&#8221; icon_image=&#8221;1991&#8243; link_item=&#8221;url:%23|||&#8221; title=&#8221;G\u00fcvenli H\u0131zl\u0131 Kurtarma&#8221; description=&#8221;7\/24 An\u0131nda Hizmet ile sizleri bu zor zamanlar\u0131n\u0131zda yaln\u0131z b\u0131rakm\u0131yoruz. Garage Oto Kurtarma&#8221;][\/vc_column][vc_column width=&#8221;1\/3&#8243;][ct_fancybox cms_template=&#8221;ct_fancybox&#8211;layout2.php&#8221; icon_type=&#8221;image&#8221; icon_image=&#8221;1993&#8243; link_item=&#8221;url:%23|||&#8221; title=&#8221;Para\/Zaman Memnuniyeti&#8221; description=&#8221;Hem bulundu\u011funuz noktaya en yak\u0131n hem de en uygun fiyatlarla destek veriyoruz&#8221;][\/vc_column][\/vc_row][vc_row css=&#8221;.vc_custom_1736341262000{padding-top: 25px !important;}&#8221;][vc_column][vc_media_grid css=&#8221;&#8221; grid_id=&#8221;vc_gid:1736341199568-d8e6c7c7-3f08-1&#8243; include=&#8221;2010,2011,2008,2009,2005,2007,2006,2003,2002,2004,2000,2001&#8243;][\/vc_column][\/vc_row]<\/p>\n<\/div>","protected":false},"excerpt":{"rendered":"<p>[vc_row full_width=&#8221;stretch_row_content_no_spaces&#8221; el_id=&#8221;section-home&#8221;][vc_column][rev_slider_vc alias=&#8221;industrial&#8221; el_class=&#8221;arrow-style2&#8243;][\/vc_column][\/vc_row][vc_row el_id=&#8221;services&#8221;][vc_column css=&#8221;.vc_custom_1736284875899{padding-top: 10px !important;padding-bottom: 0px !important;}&#8221;][vc_row_inner content_placement=&#8221;middle&#8221; css=&#8221;.vc_custom_1736284648143{padding-bottom: 10px !important;}&#8221;][vc_column_inner width=&#8221;1\/2&#8243; css=&#8221;.vc_custom_1736284730403{padding-top: 0px !important;padding-bottom: 10px !important;}&#8221;][ct_heading text=&#8221;GARAGE OTO KURTARMA H\u0130ZMETLER\u0130 MALTEPE, TUZLA, PEND\u0130K VE T\u00dcM \u0130STANBUL&#8217;A H\u0130ZMET. AYRICA MARMARA B\u00d6LGES\u0130NE DE H\u0130ZMET VERMEKTEY\u0130Z.www.garageotokurtarma.com&#8221; font_weight=&#8221;&#8221; text_color=&#8221;#012068&#8243; subtitle=&#8221;Garage Oto Kurtarma&#8221; description_font_weight=&#8221;inherit&#8221; margin_bottom=&#8221;0&#8243;][\/vc_column_inner][vc_column_inner width=&#8221;1\/2&#8243; ct_column_inner_class=&#8221;rm-padding-lg&#8221; css=&#8221;.vc_custom_1736284736163{padding-top: 0px !important;padding-bottom: 0px !important;padding-left: 100px !important;}&#8221;][vc_column_text css=&#8221;.vc_custom_1736283045945{margin-bottom:&#8230;<\/p>\n","protected":false},"author":1,"featured_media":0,"parent":0,"menu_order":0,"comment_status":"closed","ping_status":"closed","template":"","meta":{"footnotes":""},"class_list":["post-386","page","type-page","status-publish","hentry"],"_links":{"self":[{"href":"https:\/\/garageotokurtarma.com\/index.php?rest_route=\/wp\/v2\/pages\/386","targetHints":{"allow":["GET"]}}],"collection":[{"href":"https:\/\/garageotokurtarma.com\/index.php?rest_route=\/wp\/v2\/pages"}],"about":[{"href":"https:\/\/garageotokurtarma.com\/index.php?rest_route=\/wp\/v2\/types\/page"}],"author":[{"embeddable":true,"href":"https:\/\/garageotokurtarma.com\/index.php?rest_route=\/wp\/v2\/users\/1"}],"replies":[{"embeddable":true,"href":"https:\/\/garageotokurtarma.com\/index.php?rest_route=%2Fwp%2Fv2%2Fcomments&post=386"}],"version-history":[{"count":31,"href":"https:\/\/garageotokurtarma.com\/index.php?rest_route=\/wp\/v2\/pages\/386\/revisions"}],"predecessor-version":[{"id":2032,"href":"https:\/\/garageotokurtarma.com\/index.php?rest_route=\/wp\/v2\/pages\/386\/revisions\/2032"}],"wp:attachment":[{"href":"https:\/\/garageotokurtarma.com\/index.php?rest_route=%2Fwp%2Fv2%2Fmedia&parent=386"}],"curies":[{"name":"wp","href":"https:\/\/api.w.org\/{rel}","templated":true}]}}